{"id":189,"date":"2019-02-01T19:27:39","date_gmt":"2019-02-01T18:27:39","guid":{"rendered":"http:\/\/schuster.ac\/hscu\/?page_id=189"},"modified":"2023-03-12T12:19:10","modified_gmt":"2023-03-12T11:19:10","slug":"datenschutzerklaerung","status":"publish","type":"page","link":"http:\/\/schuster.ac\/hscu\/startseite\/datenschutzerklaerung\/","title":{"rendered":"Impressum und Datenschutzerkl\u00e4rung"},"content":{"rendered":"<h3><span style=\"color: #3366ff;\">Hundesportclub Ungerndorf e.V.<\/span><\/h3>\n<p>Die Adresse unserer Website ist: http:\/\/schuster.ac\/hscu.<\/p>\n<h3>Impressum<\/h3>\n<p class=\"adsimple-121890425\">Informationspflicht laut \u00a75 E-Commerce Gesetz, \u00a714 Unternehmensgesetzbuch, \u00a763 Gewerbeordnung und Offenlegungspflicht laut \u00a725 Mediengesetz.<\/p>\n<p class=\"adsimple-121890425\">Hundesportclub Ungerndorf e.V.<br \/>\nUngerndorf 82<br \/>\n2133 Ungerndorf<br \/>\n\u00d6sterreich<\/p>\n<p class=\"adsimple-121890425\"><strong>Unternehmensgegenstand:<\/strong> Gemeinn\u00fctziger Verein f\u00fcr die sportliche Freizeitgestaltung mit Hunden, Agility und F\u00f6rderung der Mensch-Hund-Beziehung.<\/p>\n<p><strong>ZVR.:<\/strong> 854 124 117<\/p>\n<p class=\"adsimple-121890425\"><strong>Tel.:<\/strong> +43 699 11727285<br \/>\n<strong>E-Mail:<\/strong> <a href=\"darkangel3261@gmail.com\">darkangel3261@gmail.com<\/a><\/p>\n<p class=\"adsimple-121890425\"><strong>Aufsichtsbeh\u00f6rde:<\/strong> Bezirkshauptmannschaft Mistelbach<br \/>\n<strong>Obfrau: <\/strong>Doris Stumfoll<\/p>\n<p class=\"adsimple-121890425\"><strong>Kontaktdaten des Verantwortlichen f\u00fcr Datenschutz<\/strong><br \/>\nSollten Sie Fragen zum Datenschutz haben, finden Sie nachfolgend die Kontaktdaten der verantwortlichen Person bzw. Stelle:<\/p>\n<p class=\"adsimple-121890425\">Andreas Hnat<br \/>\nE-Mail-Adresse: <a href=\"a.hnat@a1.net\">a.hnat@a1.net<\/a><\/p>\n<h3 class=\"adsimple-121890425\"><span style=\"color: #3366ff;\">Welche personenbezogenen Daten wir sammeln und warum wir sie sammeln<\/span><\/h3>\n<h4>Kommentare<\/h4>\n<p>Wenn registrierte Benutzer Kommentare auf der Website schreiben, sammeln wir die Daten, die im Kommentar-Formular angezeigt werden, au\u00dferdem die IP-Adresse des Besuchers und den User-Agent-String (damit wird der Browser identifiziert), um die Erkennung von Spam zu unterst\u00fctzen.<\/p>\n<p>Aus deiner E-Mail-Adresse kann eine anonymisierte Zeichenfolge erstellt (auch Hash genannt) und dem Gravatar-Dienst \u00fcbergeben werden, um zu pr\u00fcfen, ob du diesen benutzt. Die Datenschutzerkl\u00e4rung des Gravatar-Dienstes findest du hier: https:\/\/automattic.com\/privacy\/. Nachdem dein Kommentar freigegeben wurde, ist dein Profilbild \u00f6ffentlich im Kontext deines Kommentars sichtbar.<\/p>\n<h4>Medien<\/h4>\n<p>Wenn du ein registrierter Benutzer bist und Fotos auf diese Website l\u00e4dst, solltest du vermeiden, Fotos mit einem EXIF-GPS-Standort hochzuladen. Besucher dieser Website k\u00f6nnten Fotos, die auf dieser Website gespeichert sind, herunterladen und deren Standort-Informationen extrahieren.<\/p>\n<h3>Kontaktformulare<\/h3>\n<h3>Cookies<\/h3>\n<p>Wenn du einen Kommentar auf unserer Website schreibst, kann das eine Einwilligung sein, deinen Namen, E-Mail-Adresse und Website in Cookies zu speichern. Dies ist eine Komfortfunktion, damit du nicht, wenn du einen weiteren Kommentar schreibst, all diese Daten erneut eingeben musst. Diese Cookies werden ein Jahr lang gespeichert. Da Cookies auf deinem Ger\u00e4t gespeichert werden, kannst du sie jederzeit l\u00f6schen.<\/p>\n<p>Falls du ein Konto hast und dich auf dieser Website anmeldest, werden wir ein tempor\u00e4res Cookie setzen, um festzustellen, ob dein Browser Cookies akzeptiert. Dieses Cookie enth\u00e4lt keine personenbezogenen Daten und wird verworfen, wenn du deinen Browser schlie\u00dft.<\/p>\n<p>Wenn du dich anmeldest, werden wir einige Cookies einrichten, um deine Anmeldeinformationen und Anzeigeoptionen zu speichern. Anmelde-Cookies verfallen nach zwei Tagen und Cookies f\u00fcr die Anzeigeoptionen nach einem Jahr. Falls du bei der Anmeldung \u201eAngemeldet bleiben\u201c ausw\u00e4hlst, wird deine Anmeldung zwei Wochen lang aufrechterhalten. Mit der Abmeldung aus deinem Konto werden die Anmelde-Cookies gel\u00f6scht.<\/p>\n<p>Wenn du einen Artikel bearbeitest oder ver\u00f6ffentlichst, wird ein zus\u00e4tzlicher Cookie in deinem Browser gespeichert. Dieser Cookie enth\u00e4lt keine personenbezogenen Daten und verweist nur auf die Beitrags-ID des Artikels, den du gerade bearbeitet hast. Der Cookie verf\u00e4llt nach einem Tag.<\/p>\n<h3>Eingebettete Inhalte von anderen Websites<\/h3>\n<p>Beitr\u00e4ge auf dieser Website k\u00f6nnen eingebettete Inhalte beinhalten (z.\u00a0B. Videos, Bilder, Beitr\u00e4ge etc.). Eingebettete Inhalte von anderen Websites verhalten sich exakt so, als ob der Besucher die andere Website besucht h\u00e4tte.<\/p>\n<p>Diese Websites k\u00f6nnen Daten \u00fcber dich sammeln, Cookies benutzen, zus\u00e4tzliche Tracking-Dienste von Dritten einbetten und deine Interaktion mit diesem eingebetteten Inhalt aufzeichnen, inklusive deiner Interaktion mit dem eingebetteten Inhalt, falls du ein Konto hast und auf dieser Website angemeldet bist.<\/p>\n<p>Wenn dein Browser so eingestellt ist, dass laden von Drittanbieterinhalten verhindert wird, kannst du diese m\u00f6glicherweise nicht sehen.<\/p>\n<h3><span style=\"color: #3366ff;\">Mit wem wir deine Daten teilen<\/span><\/h3>\n<p>Die Daten dieser Website geben wir aktiv nicht weiter, abgesehen von den auf dieser Seite genannten Funktionen. Suchmaschinen, die diese Seite durchsuchen, speichern diese eventuell ab.<\/p>\n<h3><span style=\"color: #000000;\">Wie lange wir deine Daten speichern<\/span><\/h3>\n<p>Wenn du einen Kommentar schreibst, wird dieser inklusive Metadaten zeitlich unbegrenzt gespeichert. Auf diese Art k\u00f6nnen wir Folgekommentare automatisch erkennen und freigeben, anstelle sie in einer Moderations-Warteschlange festzuhalten.<\/p>\n<p>F\u00fcr Benutzer, die sich auf unserer Website registrieren, speichern wir zus\u00e4tzlich die pers\u00f6nlichen Informationen, die sie in ihren Benutzerprofilen angeben. Alle Benutzer k\u00f6nnen jederzeit ihre pers\u00f6nlichen Informationen einsehen, ver\u00e4ndern oder l\u00f6schen (der Benutzername kann nicht ver\u00e4ndert werden). Administratoren der Website k\u00f6nnen diese Informationen ebenfalls einsehen und ver\u00e4ndern.<\/p>\n<h3><span style=\"color: #000000;\">Welche Rechte du an deinen Daten hast<\/span><\/h3>\n<p>Wenn du ein Konto auf dieser Website besitzt oder Kommentare geschrieben hast, kannst du einen Export deiner personenbezogenen Daten bei uns anfordern, inklusive aller Daten, die du uns mitgeteilt hast. Dar\u00fcber hinaus kannst du die L\u00f6schung aller personenbezogenen Daten, die wir von dir gespeichert haben, anfordern. Dies umfasst nicht die Daten, die wir aufgrund administrativer, rechtlicher oder sicherheitsrelevanter Notwendigkeiten aufbewahren m\u00fcssen.<\/p>\n<h3><span style=\"color: #000000;\">Wohin wir deine Daten senden<\/span><\/h3>\n<p>Besucher-Kommentare k\u00f6nnten von einem automatisierten Dienst zur Spam-Erkennung untersucht werden.<\/p>\n<h3><span style=\"color: #000000;\">Deine Kontakt-Informationen<\/span><\/h3>\n<p>Die Daten deines Benutzerkontos werden nur auf dieser Website verwendet und sind nicht mit anderen Daten, die wir als Verein besitzen k\u00f6nnten, verkn\u00fcpft. Du kannst als Vereinsmitglied jedoch verlangen, dass wir bei deinem Austritt auch dein hier angelegtes Benutzerkonto l\u00f6schen.<\/p>\n<h3>Wie wir deine Daten sch\u00fctzen<\/h3>\n<p>Wir verwenden WordPress f\u00fcr diese Website und halten dieses m\u00f6glichst aktuell, damit bekannte Integrit\u00e4tsverletzungen so schnell wie es uns m\u00f6glich ist unwirksam werden.<\/p>\n<h3>Welche Ma\u00dfnahmen wir bei Datenschutzverletzungen anbieten<\/h3>\n<p>Sollten wir von Datenzugriffsverletzungen erfahren, werden die betroffenen Benutzer verst\u00e4ndigt bzw deren Konten bei uns gesperrt, bis die Situation gekl\u00e4rt wurde.<\/p>\n<h3>Von welchen Drittanbietern wir Daten erhalten<\/h3>\n<p>Wir haben keine Daten von Drittanbietern in Verwendung, behalten uns jedoch vor Massnahmen zur Verhinderung von Angriffen und automatisierter Erstellung von Benutzerkonten zu ergreifen.<\/p>\n","protected":false},"excerpt":{"rendered":"<p>Hundesportclub Ungerndorf e.V. Die Adresse unserer Website ist: http:\/\/schuster.ac\/hscu. Impressum Informationspflicht laut \u00a75 E-Commerce Gesetz, \u00a714 Unternehmensgesetzbuch, \u00a763 Gewerbeordnung und Offenlegungspflicht laut \u00a725 Mediengesetz. Hundesportclub Ungerndorf e.V. Ungerndorf 82 2133 Ungerndorf \u00d6sterreich Unternehmensgegenstand: Gemeinn\u00fctziger Verein f\u00fcr die sportliche Freizeitgestaltung mit Hunden, Agility und F\u00f6rderung der Mensch-Hund-Beziehung. ZVR.: 854 124 117 Tel.: +43 699 11727285 E-Mail: darkangel3261@gmail.com Aufsichtsbeh\u00f6rde: Bezirkshauptmannschaft Mistelbach Obfrau:<\/p>\n","protected":false},"author":2,"featured_media":0,"parent":2,"menu_order":5,"comment_status":"closed","ping_status":"closed","template":"","meta":{"footnotes":""},"class_list":["post-189","page","type-page","status-publish","hentry"],"_links":{"self":[{"href":"http:\/\/schuster.ac\/hscu\/wp-json\/wp\/v2\/pages\/189","targetHints":{"allow":["GET"]}}],"collection":[{"href":"http:\/\/schuster.ac\/hscu\/wp-json\/wp\/v2\/pages"}],"about":[{"href":"http:\/\/schuster.ac\/hscu\/wp-json\/wp\/v2\/types\/page"}],"author":[{"embeddable":true,"href":"http:\/\/schuster.ac\/hscu\/wp-json\/wp\/v2\/users\/2"}],"replies":[{"embeddable":true,"href":"http:\/\/schuster.ac\/hscu\/wp-json\/wp\/v2\/comments?post=189"}],"version-history":[{"count":9,"href":"http:\/\/schuster.ac\/hscu\/wp-json\/wp\/v2\/pages\/189\/revisions"}],"predecessor-version":[{"id":497,"href":"http:\/\/schuster.ac\/hscu\/wp-json\/wp\/v2\/pages\/189\/revisions\/497"}],"up":[{"embeddable":true,"href":"http:\/\/schuster.ac\/hscu\/wp-json\/wp\/v2\/pages\/2"}],"wp:attachment":[{"href":"http:\/\/schuster.ac\/hscu\/wp-json\/wp\/v2\/media?parent=189"}],"curies":[{"name":"wp","href":"https:\/\/api.w.org\/{rel}","templated":true}]}}